{"id":6038,"date":"2022-06-20T10:45:26","date_gmt":"2022-06-20T15:45:26","guid":{"rendered":"http:\/\/calles-insurance.three.zysites.com\/about-us\/"},"modified":"2024-01-30T08:39:08","modified_gmt":"2024-01-30T14:39:08","slug":"about-us","status":"publish","type":"page","link":"https:\/\/www.callesinsurance.com\/es\/about-us\/","title":{"rendered":"Sobre nosotros"},"content":{"rendered":"<p>Calle&#8217;s Insurance se enorgullece de contar con agentes con m\u00e1s de 15 a\u00f1os de experiencia en la industria de seguros. Calle&#8217;s Insurance tambi\u00e9n se enorgullece de ofrecer un conjunto extenso y \u00fanico de programas de seguros personalizados en todo el estado de California. Estamos comprometidos a servir al estado con diligencia y profesionalismo. A trav\u00e9s de nuestra experiencia en seguros, nos enorgullecemos de encontrar los precios m\u00e1s bajos posibles para nuestros clientes sin sacrificar la cobertura del seguro. Elegimos con qu\u00e9 operadores nos asociamos en funci\u00f3n de las mejores tarifas que podemos encontrar para usted, teniendo en cuenta sus mejores intereses.<\/p>\n<p>Nuestro cort\u00e9s personal est\u00e1 listo para hacer que su experiencia de compra de seguro sea simple, asequible y conveniente. Como cliente valioso de Calle&#8217;s Auto Insurance, disfrutar\u00e1 de la facilidad de realizar pagos y cambios en su p\u00f3liza en l\u00ednea y, lo que es m\u00e1s importante, sin complicaciones. Ofrecemos planes de pago flexibles que se adaptan a cualquier presupuesto.<\/p>\n<p>Calle&#8217;s Auto Insurance actualmente atiende y ofrece soluciones de seguros a concesionarios, compa\u00f1\u00edas de financiamiento de autom\u00f3viles y compa\u00f1\u00edas de pr\u00e9stamos sobre t\u00edtulos de autom\u00f3viles. Somos una agencia de r\u00e1pido crecimiento y queremos asegurarnos de que personas de todas las industrias y or\u00edgenes puedan experimentar el servicio con el toque personal que merecen. Trabajamos para ofrecer a nuestros clientes los mejores precios que tenemos para ofrecer.<\/p>\n<p>Cada cliente tiene necesidades \u00fanicas y estamos aqu\u00ed para adaptar nuestros servicios a usted, brind\u00e1ndole las mejores opciones de cobertura. Calle&#8217;s Auto Insurance est\u00e1 aqu\u00ed para ayudarle a estar protegido, llame y hable con un profesional de seguros al\u00a0<strong data-ada-original-font-size=\"16\">562-445-3661<\/strong>\u00a0o para una consulta r\u00e1pida Llamada para cotizar\u00a0<strong data-ada-original-font-size=\"16\">866-883-9357.<\/strong><\/p>\n","protected":false},"excerpt":{"rendered":"<p>Calle&#8217;s Insurance se enorgullece de contar con agentes con m\u00e1s de 15 a\u00f1os de experiencia en la industria de seguros. Calle&#8217;s Insurance tambi\u00e9n se enorgullece de ofrecer un conjunto extenso y \u00fanico de programas de seguros personalizados en todo el estado de California. Estamos comprometidos a servir al estado con diligencia y profesionalismo. A trav\u00e9s [&hellip;]<\/p>\n","protected":false},"author":35,"featured_media":0,"parent":0,"menu_order":0,"comment_status":"closed","ping_status":"closed","template":"","meta":{"_acf_changed":false,"_seopress_robots_primary_cat":"0","_seopress_titles_title":"","_seopress_titles_desc":"","_seopress_robots_index":"","_analytify_skip_tracking":false,"footnotes":""},"class_list":["post-6038","page","type-page","status-publish","hentry"],"acf":[],"_links":{"self":[{"href":"https:\/\/www.callesinsurance.com\/es\/wp-json\/wp\/v2\/pages\/6038","targetHints":{"allow":["GET"]}}],"collection":[{"href":"https:\/\/www.callesinsurance.com\/es\/wp-json\/wp\/v2\/pages"}],"about":[{"href":"https:\/\/www.callesinsurance.com\/es\/wp-json\/wp\/v2\/types\/page"}],"author":[{"embeddable":true,"href":"https:\/\/www.callesinsurance.com\/es\/wp-json\/wp\/v2\/users\/35"}],"replies":[{"embeddable":true,"href":"https:\/\/www.callesinsurance.com\/es\/wp-json\/wp\/v2\/comments?post=6038"}],"version-history":[{"count":0,"href":"https:\/\/www.callesinsurance.com\/es\/wp-json\/wp\/v2\/pages\/6038\/revisions"}],"wp:attachment":[{"href":"https:\/\/www.callesinsurance.com\/es\/wp-json\/wp\/v2\/media?parent=6038"}],"curies":[{"name":"wp","href":"https:\/\/api.w.org\/{rel}","templated":true}]}}